{"id":1518,"date":"2022-02-15T16:07:14","date_gmt":"2022-02-15T16:07:14","guid":{"rendered":"https:\/\/netdisklinigi.com\/hizmetlerimiz\/"},"modified":"2022-03-26T11:45:36","modified_gmt":"2022-03-26T11:45:36","slug":"our-services","status":"publish","type":"page","link":"https:\/\/netdisklinigi.com\/en\/our-services\/","title":{"rendered":"Our Services"},"content":{"rendered":"\t\t<div data-elementor-type=\"wp-page\" data-elementor-id=\"1518\" class=\"elementor elementor-1518 elementor-42\">\n\t\t\t\t\t\t\t\t\t<div class=\"elementor-section elementor-top-section elementor-element elementor-element-27cb0f7 cspt-col-stretched-none cspt-bg-color-over-image elementor-section-boxed elementor-section-height-default elementor-section-height-default\" data-id=\"27cb0f7\" data-element_type=\"section\">\n\t\t\t\t\t\t<div class=\"elementor-container elementor-column-gap-no\">\n\t\t\t\t\t<div class=\"elementor-column elementor-col-100 elementor-top-column elementor-element elementor-element-0a52f89 cspt-bg-color-over-image\" data-id=\"0a52f89\" data-element_type=\"column\">\n\t\t\t<div class=\"elementor-widget-wrap elementor-element-populated\">\n\t\t\t\t\t\t\t\t<div class=\"elementor-element elementor-element-4ea78ec cspt-align-left elementor-widget elementor-widget-cspt_service_element\" data-id=\"4ea78ec\" data-element_type=\"widget\" data-widget_type=\"cspt_service_element.default\">\n\t\t\t\t<div class=\"elementor-widget-container\">\n\t\t\t\n\t\t<div class=\"creativesplanet-element creativesplanet-element-service cspt-element-service-style-1 creativesplanet-element-viewtype-row-column creativesplanet-gap-30px cspt-infinite-scroll-no cspt-infinite-scroll-button-no\" data-cpt=\"service\" data-totalpagination=\"1\" data-style=\"1\" data-show=\"9\" data-columns=\"4\" data-loop=\"false\" data-autoplay=\"false\" data-center=\"false\" data-nav=\"false\" data-dots=\"false\" data-autoplayspeed=\"1000\" data-margin=\"30px\"><div class=\"creativesplanet-element-inner\"><div class=\"cspt-infinite-scroll-data\">{\"cpt\":\"service\",\"style\":\"1\",\"columns\":\"4\",\"show\":9,\"order\":\"DESC\",\"orderby\":\"DESC\"}<\/div>\n\t\t\t<div class=\"cspt-ele-header-area\">\n\t\t\t\t\t<div class=\"cspt-heading-subheading left-align \"><\/div>\n\t\t\t\t\n\t\t\t<\/div>\n\n\t\t\t<div class=\"cspt-element-posts-wrapper row multi-columns-row\">\n\n\t\t\t<article class=\"cspt-ele cspt-ele-service cspt-service-style-1 col-md-6 col-lg-3 dental-en  \">\t<div class=\"creativesplanet-post-item\">\n\t\t<div class=\"creativesplanet-box-content\">\n\t\t\t<div class=\"creativesplanet-box-content-inner\">\n\t\t\t\t<div class=\"cspt-service-icon-wrapper\">\t\n\t\t\t\t\t<i class=\"cspt-leblix-icon cspt-leblix-icon-atomic\"><\/i>\t\t\t\t<\/div>\n\t\t\t\t<h3 class=\"cspt-service-title\"><a href=\"https:\/\/netdisklinigi.com\/en\/service\/implants-in-a-day\/\">Implants in A Day<\/a><\/h3> \n\t\t\t\t<div class=\"cspt-content-inner\">\t\t  \n\t\t\t\t\t<div class=\"cspt-featured-wrapper\"><a href=\"https:\/\/netdisklinigi.com\/en\/service\/implants-in-a-day\/\"><img loading=\"lazy\" decoding=\"async\" width=\"770\" height=\"600\" src=\"https:\/\/netdisklinigi.com\/wp-content\/uploads\/2020\/07\/implant-tedavi-770x600.jpg\" class=\"attachment-cspt-img-770x635 size-cspt-img-770x635 wp-post-image\" alt=\"\" \/><\/a><\/div>\t\n\t\t\t\t\t \n\t\t\t\t<\/div>\t\t\n\t\t\t\t<div class=\"cspt-service-btn\">\n\t\t\t\t\t<a class=\"cspt-service-btn-a\" href=\"https:\/\/netdisklinigi.com\/en\/service\/implants-in-a-day\/\"><i class=\"cspt-base-icon-arrow-right-solid\"><\/i><\/a>\n\t\t\t\t<\/div>\n\t\t\t<\/div>\n\t\t<\/div>\n\t<\/div>\n<\/article><article class=\"cspt-ele cspt-ele-service cspt-service-style-1 col-md-6 col-lg-3 dental-en  \">\t<div class=\"creativesplanet-post-item\">\n\t\t<div class=\"creativesplanet-box-content\">\n\t\t\t<div class=\"creativesplanet-box-content-inner\">\n\t\t\t\t<div class=\"cspt-service-icon-wrapper\">\t\n\t\t\t\t\t<i class=\"cspt-leblix-icon cspt-leblix-icon-molecule\"><\/i>\t\t\t\t<\/div>\n\t\t\t\t<h3 class=\"cspt-service-title\"><a href=\"https:\/\/netdisklinigi.com\/en\/service\/smile-design\/\">Smile Design<\/a><\/h3> \n\t\t\t\t<div class=\"cspt-content-inner\">\t\t  \n\t\t\t\t\t<div class=\"cspt-featured-wrapper\"><a href=\"https:\/\/netdisklinigi.com\/en\/service\/smile-design\/\"><img loading=\"lazy\" decoding=\"async\" width=\"770\" height=\"600\" src=\"https:\/\/netdisklinigi.com\/wp-content\/uploads\/2022\/01\/gulus-tasarimi-770x600.jpg\" class=\"attachment-cspt-img-770x635 size-cspt-img-770x635 wp-post-image\" alt=\"\" \/><\/a><\/div>\t\n\t\t\t\t\t \n\t\t\t\t<\/div>\t\t\n\t\t\t\t<div class=\"cspt-service-btn\">\n\t\t\t\t\t<a class=\"cspt-service-btn-a\" href=\"https:\/\/netdisklinigi.com\/en\/service\/smile-design\/\"><i class=\"cspt-base-icon-arrow-right-solid\"><\/i><\/a>\n\t\t\t\t<\/div>\n\t\t\t<\/div>\n\t\t<\/div>\n\t<\/div>\n<\/article><article class=\"cspt-ele cspt-ele-service cspt-service-style-1 col-md-6 col-lg-3 dental-en  \">\t<div class=\"creativesplanet-post-item\">\n\t\t<div class=\"creativesplanet-box-content\">\n\t\t\t<div class=\"creativesplanet-box-content-inner\">\n\t\t\t\t<div class=\"cspt-service-icon-wrapper\">\t\n\t\t\t\t\t<i class=\"cspt-leblix-icon cspt-leblix-icon-flask\"><\/i>\t\t\t\t<\/div>\n\t\t\t\t<h3 class=\"cspt-service-title\"><a href=\"https:\/\/netdisklinigi.com\/en\/service\/orthodontic-treatment\/\">Orthodontic Treatment<\/a><\/h3> \n\t\t\t\t<div class=\"cspt-content-inner\">\t\t  \n\t\t\t\t\t<div class=\"cspt-featured-wrapper\"><a href=\"https:\/\/netdisklinigi.com\/en\/service\/orthodontic-treatment\/\"><img loading=\"lazy\" decoding=\"async\" width=\"770\" height=\"600\" src=\"https:\/\/netdisklinigi.com\/wp-content\/uploads\/2020\/07\/ortodonti-tedavisi-770x600.jpg\" class=\"attachment-cspt-img-770x635 size-cspt-img-770x635 wp-post-image\" alt=\"\" \/><\/a><\/div>\t\n\t\t\t\t\t \n\t\t\t\t<\/div>\t\t\n\t\t\t\t<div class=\"cspt-service-btn\">\n\t\t\t\t\t<a class=\"cspt-service-btn-a\" href=\"https:\/\/netdisklinigi.com\/en\/service\/orthodontic-treatment\/\"><i class=\"cspt-base-icon-arrow-right-solid\"><\/i><\/a>\n\t\t\t\t<\/div>\n\t\t\t<\/div>\n\t\t<\/div>\n\t<\/div>\n<\/article><article class=\"cspt-ele cspt-ele-service cspt-service-style-1 col-md-6 col-lg-3 dental-en  \">\t<div class=\"creativesplanet-post-item\">\n\t\t<div class=\"creativesplanet-box-content\">\n\t\t\t<div class=\"creativesplanet-box-content-inner\">\n\t\t\t\t<div class=\"cspt-service-icon-wrapper\">\t\n\t\t\t\t\t<i class=\"cspt-leblix-icon cspt-leblix-icon-molecule-1\"><\/i>\t\t\t\t<\/div>\n\t\t\t\t<h3 class=\"cspt-service-title\"><a href=\"https:\/\/netdisklinigi.com\/en\/service\/teeth-whitening\/\">Teeth Whitening<\/a><\/h3> \n\t\t\t\t<div class=\"cspt-content-inner\">\t\t  \n\t\t\t\t\t<div class=\"cspt-featured-wrapper\"><a href=\"https:\/\/netdisklinigi.com\/en\/service\/teeth-whitening\/\"><img loading=\"lazy\" decoding=\"async\" width=\"770\" height=\"600\" src=\"https:\/\/netdisklinigi.com\/wp-content\/uploads\/2022\/01\/dis-beyazlatma-770x600.jpg\" class=\"attachment-cspt-img-770x635 size-cspt-img-770x635 wp-post-image\" alt=\"\" \/><\/a><\/div>\t\n\t\t\t\t\t \n\t\t\t\t<\/div>\t\t\n\t\t\t\t<div class=\"cspt-service-btn\">\n\t\t\t\t\t<a class=\"cspt-service-btn-a\" href=\"https:\/\/netdisklinigi.com\/en\/service\/teeth-whitening\/\"><i class=\"cspt-base-icon-arrow-right-solid\"><\/i><\/a>\n\t\t\t\t<\/div>\n\t\t\t<\/div>\n\t\t<\/div>\n\t<\/div>\n<\/article><article class=\"cspt-ele cspt-ele-service cspt-service-style-1 col-md-6 col-lg-3 dental-en  \">\t<div class=\"creativesplanet-post-item\">\n\t\t<div class=\"creativesplanet-box-content\">\n\t\t\t<div class=\"creativesplanet-box-content-inner\">\n\t\t\t\t<div class=\"cspt-service-icon-wrapper\">\t\n\t\t\t\t\t<i class=\"cspt-leblix-icon cspt-leblix-icon-brain\"><\/i>\t\t\t\t<\/div>\n\t\t\t\t<h3 class=\"cspt-service-title\"><a href=\"https:\/\/netdisklinigi.com\/en\/service\/root-canal-treatment\/\">Root Canal Treatment<\/a><\/h3> \n\t\t\t\t<div class=\"cspt-content-inner\">\t\t  \n\t\t\t\t\t<div class=\"cspt-featured-wrapper\"><a href=\"https:\/\/netdisklinigi.com\/en\/service\/root-canal-treatment\/\"><img loading=\"lazy\" decoding=\"async\" width=\"770\" height=\"600\" src=\"https:\/\/netdisklinigi.com\/wp-content\/uploads\/2022\/01\/kanal-tedavisi-770x600.jpg\" class=\"attachment-cspt-img-770x635 size-cspt-img-770x635 wp-post-image\" alt=\"\" \/><\/a><\/div>\t\n\t\t\t\t\t \n\t\t\t\t<\/div>\t\t\n\t\t\t\t<div class=\"cspt-service-btn\">\n\t\t\t\t\t<a class=\"cspt-service-btn-a\" href=\"https:\/\/netdisklinigi.com\/en\/service\/root-canal-treatment\/\"><i class=\"cspt-base-icon-arrow-right-solid\"><\/i><\/a>\n\t\t\t\t<\/div>\n\t\t\t<\/div>\n\t\t<\/div>\n\t<\/div>\n<\/article><article class=\"cspt-ele cspt-ele-service cspt-service-style-1 col-md-6 col-lg-3 dental-en  \">\t<div class=\"creativesplanet-post-item\">\n\t\t<div class=\"creativesplanet-box-content\">\n\t\t\t<div class=\"creativesplanet-box-content-inner\">\n\t\t\t\t<div class=\"cspt-service-icon-wrapper\">\t\n\t\t\t\t\t<i class=\"cspt-leblix-icon cspt-leblix-icon-medical-mask\"><\/i>\t\t\t\t<\/div>\n\t\t\t\t<h3 class=\"cspt-service-title\"><a href=\"https:\/\/netdisklinigi.com\/en\/service\/pediatric-dentistry\/\">Pediatric Dentistry<\/a><\/h3> \n\t\t\t\t<div class=\"cspt-content-inner\">\t\t  \n\t\t\t\t\t<div class=\"cspt-featured-wrapper\"><a href=\"https:\/\/netdisklinigi.com\/en\/service\/pediatric-dentistry\/\"><img loading=\"lazy\" decoding=\"async\" width=\"770\" height=\"600\" src=\"https:\/\/netdisklinigi.com\/wp-content\/uploads\/2019\/04\/pedodonti-cocuk-dis-hekimligi-770x600.jpg\" class=\"attachment-cspt-img-770x635 size-cspt-img-770x635 wp-post-image\" alt=\"\" \/><\/a><\/div>\t\n\t\t\t\t\t \n\t\t\t\t<\/div>\t\t\n\t\t\t\t<div class=\"cspt-service-btn\">\n\t\t\t\t\t<a class=\"cspt-service-btn-a\" href=\"https:\/\/netdisklinigi.com\/en\/service\/pediatric-dentistry\/\"><i class=\"cspt-base-icon-arrow-right-solid\"><\/i><\/a>\n\t\t\t\t<\/div>\n\t\t\t<\/div>\n\t\t<\/div>\n\t<\/div>\n<\/article><article class=\"cspt-ele cspt-ele-service cspt-service-style-1 col-md-6 col-lg-3 dental-en  \">\t<div class=\"creativesplanet-post-item\">\n\t\t<div class=\"creativesplanet-box-content\">\n\t\t\t<div class=\"creativesplanet-box-content-inner\">\n\t\t\t\t<div class=\"cspt-service-icon-wrapper\">\t\n\t\t\t\t\t<i class=\"cspt-leblix-icon cspt-leblix-icon-thermometer\"><\/i>\t\t\t\t<\/div>\n\t\t\t\t<h3 class=\"cspt-service-title\"><a href=\"https:\/\/netdisklinigi.com\/en\/service\/gum-diseases\/\">Gum Diseases<\/a><\/h3> \n\t\t\t\t<div class=\"cspt-content-inner\">\t\t  \n\t\t\t\t\t<div class=\"cspt-featured-wrapper\"><a href=\"https:\/\/netdisklinigi.com\/en\/service\/gum-diseases\/\"><img loading=\"lazy\" decoding=\"async\" width=\"770\" height=\"600\" src=\"https:\/\/netdisklinigi.com\/wp-content\/uploads\/2022\/01\/dis-eti-hastaliklari-770x600.jpg\" class=\"attachment-cspt-img-770x635 size-cspt-img-770x635 wp-post-image\" alt=\"\" \/><\/a><\/div>\t\n\t\t\t\t\t \n\t\t\t\t<\/div>\t\t\n\t\t\t\t<div class=\"cspt-service-btn\">\n\t\t\t\t\t<a class=\"cspt-service-btn-a\" href=\"https:\/\/netdisklinigi.com\/en\/service\/gum-diseases\/\"><i class=\"cspt-base-icon-arrow-right-solid\"><\/i><\/a>\n\t\t\t\t<\/div>\n\t\t\t<\/div>\n\t\t<\/div>\n\t<\/div>\n<\/article><article class=\"cspt-ele cspt-ele-service cspt-service-style-1 col-md-6 col-lg-3 dental-en  \">\t<div class=\"creativesplanet-post-item\">\n\t\t<div class=\"creativesplanet-box-content\">\n\t\t\t<div class=\"creativesplanet-box-content-inner\">\n\t\t\t\t<div class=\"cspt-service-icon-wrapper\">\t\n\t\t\t\t\t<i class=\"cspt-leblix-icon cspt-leblix-icon-scientist\"><\/i>\t\t\t\t<\/div>\n\t\t\t\t<h3 class=\"cspt-service-title\"><a href=\"https:\/\/netdisklinigi.com\/en\/service\/jaw-and-joint-treatment-clenching\/\">Jaw and Joint Treatment<\/a><\/h3> \n\t\t\t\t<div class=\"cspt-content-inner\">\t\t  \n\t\t\t\t\t<div class=\"cspt-featured-wrapper\"><a href=\"https:\/\/netdisklinigi.com\/en\/service\/jaw-and-joint-treatment-clenching\/\"><img loading=\"lazy\" decoding=\"async\" width=\"770\" height=\"600\" src=\"https:\/\/netdisklinigi.com\/wp-content\/uploads\/2022\/01\/cene-eklemi-tedavisi-770x600.jpg\" class=\"attachment-cspt-img-770x635 size-cspt-img-770x635 wp-post-image\" alt=\"\" \/><\/a><\/div>\t\n\t\t\t\t\t \n\t\t\t\t<\/div>\t\t\n\t\t\t\t<div class=\"cspt-service-btn\">\n\t\t\t\t\t<a class=\"cspt-service-btn-a\" href=\"https:\/\/netdisklinigi.com\/en\/service\/jaw-and-joint-treatment-clenching\/\"><i class=\"cspt-base-icon-arrow-right-solid\"><\/i><\/a>\n\t\t\t\t<\/div>\n\t\t\t<\/div>\n\t\t<\/div>\n\t<\/div>\n<\/article><article class=\"cspt-ele cspt-ele-service cspt-service-style-1 col-md-6 col-lg-3 dental-en  \">\t<div class=\"creativesplanet-post-item\">\n\t\t<div class=\"creativesplanet-box-content\">\n\t\t\t<div class=\"creativesplanet-box-content-inner\">\n\t\t\t\t<div class=\"cspt-service-icon-wrapper\">\t\n\t\t\t\t\t<i class=\"cspt-leblix-icon cspt-leblix-icon-virus\"><\/i>\t\t\t\t<\/div>\n\t\t\t\t<h3 class=\"cspt-service-title\"><a href=\"https:\/\/netdisklinigi.com\/en\/service\/surgical-treatments\/\">Surgical Treatments<\/a><\/h3> \n\t\t\t\t<div class=\"cspt-content-inner\">\t\t  \n\t\t\t\t\t<div class=\"cspt-featured-wrapper\"><a href=\"https:\/\/netdisklinigi.com\/en\/service\/surgical-treatments\/\"><img loading=\"lazy\" decoding=\"async\" width=\"770\" height=\"600\" src=\"https:\/\/netdisklinigi.com\/wp-content\/uploads\/2022\/01\/cerrahi-tedaviler-770x600.jpg\" class=\"attachment-cspt-img-770x635 size-cspt-img-770x635 wp-post-image\" alt=\"\" \/><\/a><\/div>\t\n\t\t\t\t\t \n\t\t\t\t<\/div>\t\t\n\t\t\t\t<div class=\"cspt-service-btn\">\n\t\t\t\t\t<a class=\"cspt-service-btn-a\" href=\"https:\/\/netdisklinigi.com\/en\/service\/surgical-treatments\/\"><i class=\"cspt-base-icon-arrow-right-solid\"><\/i><\/a>\n\t\t\t\t<\/div>\n\t\t\t<\/div>\n\t\t<\/div>\n\t<\/div>\n<\/article>\n\t\t\t<\/div>\n\n\t\t\t\n\t\t\n\t\t\n\t\t<\/div><!-- .creativesplanet-element-inner -->   <\/div><!-- .creativesplanet-element -->  \n\t    \t\t<\/div>\n\t\t\t\t<\/div>\n\t\t\t\t\t<\/div>\n\t\t<\/div>\n\t\t\t\t\t\t\t<\/div>\n\t\t<\/div>\n\t\t\t\t\t\t\t<\/div>\n\t\t","protected":false},"excerpt":{"rendered":"<p>{&#8220;cpt&#8221;:&#8221;service&#8221;,&#8221;style&#8221;:&#8221;1&#8243;,&#8221;columns&#8221;:&#8221;4&#8243;,&#8221;show&#8221;:9,&#8221;order&#8221;:&#8221;DESC&#8221;,&#8221;orderby&#8221;:&#8221;DESC&#8221;} 1 G\u00fcnde \u0130mplant G\u00fcl\u00fc\u015f Tasar\u0131m\u0131 Ortodonti Di\u015f Beyazlatma Kanal Tedavisi \u00c7ocuk Di\u015f Hekimli\u011fi Di\u015f Eti Hastal\u0131klar\u0131 \u00c7ene Eklem Tedavisi Cerrahi Tedaviler<\/p>\n","protected":false},"author":1,"featured_media":0,"parent":0,"menu_order":8,"comment_status":"closed","ping_status":"closed","template":"","meta":{"footnotes":""},"class_list":["post-1518","page","type-page","status-publish","hentry"],"acf":[],"_links":{"self":[{"href":"https:\/\/netdisklinigi.com\/en\/wp-json\/wp\/v2\/pages\/1518","targetHints":{"allow":["GET"]}}],"collection":[{"href":"https:\/\/netdisklinigi.com\/en\/wp-json\/wp\/v2\/pages"}],"about":[{"href":"https:\/\/netdisklinigi.com\/en\/wp-json\/wp\/v2\/types\/page"}],"author":[{"embeddable":true,"href":"https:\/\/netdisklinigi.com\/en\/wp-json\/wp\/v2\/users\/1"}],"replies":[{"embeddable":true,"href":"https:\/\/netdisklinigi.com\/en\/wp-json\/wp\/v2\/comments?post=1518"}],"version-history":[{"count":0,"href":"https:\/\/netdisklinigi.com\/en\/wp-json\/wp\/v2\/pages\/1518\/revisions"}],"wp:attachment":[{"href":"https:\/\/netdisklinigi.com\/en\/wp-json\/wp\/v2\/media?parent=1518"}],"curies":[{"name":"wp","href":"https:\/\/api.w.org\/{rel}","templated":true}]}}