{"id":1933,"date":"2021-06-03T05:34:37","date_gmt":"2021-06-03T05:34:37","guid":{"rendered":"https:\/\/netdisklinigi.com\/hizmetlerimiz\/"},"modified":"2022-03-26T11:46:00","modified_gmt":"2022-03-26T11:46:00","slug":"%d1%83%d1%81%d0%bb%d1%83%d0%b3%d0%b8","status":"publish","type":"page","link":"https:\/\/netdisklinigi.com\/ru\/%d1%83%d1%81%d0%bb%d1%83%d0%b3%d0%b8\/","title":{"rendered":"\u0423\u0441\u043b\u0443\u0433\u0438"},"content":{"rendered":"\t\t<div data-elementor-type=\"wp-page\" data-elementor-id=\"1933\" class=\"elementor elementor-1933 elementor-42\">\n\t\t\t\t\t\t\t\t\t<div class=\"elementor-section elementor-top-section elementor-element elementor-element-27cb0f7 cspt-col-stretched-none cspt-bg-color-over-image elementor-section-boxed elementor-section-height-default elementor-section-height-default\" data-id=\"27cb0f7\" data-element_type=\"section\">\n\t\t\t\t\t\t<div class=\"elementor-container elementor-column-gap-no\">\n\t\t\t\t\t<div class=\"elementor-column elementor-col-100 elementor-top-column elementor-element elementor-element-0a52f89 cspt-bg-color-over-image\" data-id=\"0a52f89\" data-element_type=\"column\">\n\t\t\t<div class=\"elementor-widget-wrap elementor-element-populated\">\n\t\t\t\t\t\t\t\t<div class=\"elementor-element elementor-element-4ea78ec cspt-align-left elementor-widget elementor-widget-cspt_service_element\" data-id=\"4ea78ec\" data-element_type=\"widget\" data-widget_type=\"cspt_service_element.default\">\n\t\t\t\t<div class=\"elementor-widget-container\">\n\t\t\t\n\t\t<div class=\"creativesplanet-element creativesplanet-element-service cspt-element-service-style-1 creativesplanet-element-viewtype-row-column creativesplanet-gap-30px cspt-infinite-scroll-no cspt-infinite-scroll-button-no\" data-cpt=\"service\" data-totalpagination=\"1\" data-style=\"1\" data-show=\"9\" data-columns=\"4\" data-loop=\"false\" data-autoplay=\"false\" data-center=\"false\" data-nav=\"false\" data-dots=\"false\" data-autoplayspeed=\"1000\" data-margin=\"30px\"><div class=\"creativesplanet-element-inner\"><div class=\"cspt-infinite-scroll-data\">{\"cpt\":\"service\",\"style\":\"1\",\"columns\":\"4\",\"show\":9,\"order\":\"DESC\",\"orderby\":\"DESC\"}<\/div>\n\t\t\t<div class=\"cspt-ele-header-area\">\n\t\t\t\t\t<div class=\"cspt-heading-subheading left-align \"><\/div>\n\t\t\t\t\n\t\t\t<\/div>\n\n\t\t\t<div class=\"cspt-element-posts-wrapper row multi-columns-row\">\n\n\t\t\t<article class=\"cspt-ele cspt-ele-service cspt-service-style-1 col-md-6 col-lg-3 dental-ru  \">\t<div class=\"creativesplanet-post-item\">\n\t\t<div class=\"creativesplanet-box-content\">\n\t\t\t<div class=\"creativesplanet-box-content-inner\">\n\t\t\t\t<div class=\"cspt-service-icon-wrapper\">\t\n\t\t\t\t\t<i class=\"cspt-leblix-icon cspt-leblix-icon-atomic\"><\/i>\t\t\t\t<\/div>\n\t\t\t\t<h3 class=\"cspt-service-title\"><a href=\"https:\/\/netdisklinigi.com\/ru\/service\/%d0%b8%d0%bc%d0%bf%d0%bb%d0%b0%d0%bd%d1%82%d0%b0%d1%82-%d0%b7%d0%b0-1-%d0%b4%d0%b5%d0%bd%d1%8c\/\">\u0418\u043c\u043f\u043b\u0430\u043d\u0442\u0430\u0442 \u0437\u0430 1 \u0434\u0435\u043d\u044c<\/a><\/h3> \n\t\t\t\t<div class=\"cspt-content-inner\">\t\t  \n\t\t\t\t\t<div class=\"cspt-featured-wrapper\"><a href=\"https:\/\/netdisklinigi.com\/ru\/service\/%d0%b8%d0%bc%d0%bf%d0%bb%d0%b0%d0%bd%d1%82%d0%b0%d1%82-%d0%b7%d0%b0-1-%d0%b4%d0%b5%d0%bd%d1%8c\/\"><img loading=\"lazy\" decoding=\"async\" width=\"770\" height=\"600\" src=\"https:\/\/netdisklinigi.com\/wp-content\/uploads\/2020\/07\/implant-tedavi-770x600.jpg\" class=\"attachment-cspt-img-770x635 size-cspt-img-770x635 wp-post-image\" alt=\"\" \/><\/a><\/div>\t\n\t\t\t\t\t \n\t\t\t\t<\/div>\t\t\n\t\t\t\t<div class=\"cspt-service-btn\">\n\t\t\t\t\t<a class=\"cspt-service-btn-a\" href=\"https:\/\/netdisklinigi.com\/ru\/service\/%d0%b8%d0%bc%d0%bf%d0%bb%d0%b0%d0%bd%d1%82%d0%b0%d1%82-%d0%b7%d0%b0-1-%d0%b4%d0%b5%d0%bd%d1%8c\/\"><i class=\"cspt-base-icon-arrow-right-solid\"><\/i><\/a>\n\t\t\t\t<\/div>\n\t\t\t<\/div>\n\t\t<\/div>\n\t<\/div>\n<\/article><article class=\"cspt-ele cspt-ele-service cspt-service-style-1 col-md-6 col-lg-3 dental-ru  \">\t<div class=\"creativesplanet-post-item\">\n\t\t<div class=\"creativesplanet-box-content\">\n\t\t\t<div class=\"creativesplanet-box-content-inner\">\n\t\t\t\t<div class=\"cspt-service-icon-wrapper\">\t\n\t\t\t\t\t<i class=\"cspt-leblix-icon cspt-leblix-icon-molecule\"><\/i>\t\t\t\t<\/div>\n\t\t\t\t<h3 class=\"cspt-service-title\"><a href=\"https:\/\/netdisklinigi.com\/ru\/service\/%d0%b4%d0%b8%d0%b7%d0%b0%d0%b9%d0%bd-%d1%83%d0%bb%d1%8b%d0%b1%d0%ba%d0%b8\/\">\u0414\u0438\u0437\u0430\u0439\u043d \u0443\u043b\u044b\u0431\u043a\u0438<\/a><\/h3> \n\t\t\t\t<div class=\"cspt-content-inner\">\t\t  \n\t\t\t\t\t<div class=\"cspt-featured-wrapper\"><a href=\"https:\/\/netdisklinigi.com\/ru\/service\/%d0%b4%d0%b8%d0%b7%d0%b0%d0%b9%d0%bd-%d1%83%d0%bb%d1%8b%d0%b1%d0%ba%d0%b8\/\"><img loading=\"lazy\" decoding=\"async\" width=\"770\" height=\"600\" src=\"https:\/\/netdisklinigi.com\/wp-content\/uploads\/2022\/01\/gulus-tasarimi-770x600.jpg\" class=\"attachment-cspt-img-770x635 size-cspt-img-770x635 wp-post-image\" alt=\"\" \/><\/a><\/div>\t\n\t\t\t\t\t \n\t\t\t\t<\/div>\t\t\n\t\t\t\t<div class=\"cspt-service-btn\">\n\t\t\t\t\t<a class=\"cspt-service-btn-a\" href=\"https:\/\/netdisklinigi.com\/ru\/service\/%d0%b4%d0%b8%d0%b7%d0%b0%d0%b9%d0%bd-%d1%83%d0%bb%d1%8b%d0%b1%d0%ba%d0%b8\/\"><i class=\"cspt-base-icon-arrow-right-solid\"><\/i><\/a>\n\t\t\t\t<\/div>\n\t\t\t<\/div>\n\t\t<\/div>\n\t<\/div>\n<\/article><article class=\"cspt-ele cspt-ele-service cspt-service-style-1 col-md-6 col-lg-3 dental-ru  \">\t<div class=\"creativesplanet-post-item\">\n\t\t<div class=\"creativesplanet-box-content\">\n\t\t\t<div class=\"creativesplanet-box-content-inner\">\n\t\t\t\t<div class=\"cspt-service-icon-wrapper\">\t\n\t\t\t\t\t<i class=\"cspt-leblix-icon cspt-leblix-icon-flask\"><\/i>\t\t\t\t<\/div>\n\t\t\t\t<h3 class=\"cspt-service-title\"><a href=\"https:\/\/netdisklinigi.com\/ru\/service\/%d0%be%d1%80%d1%82%d0%be%d0%b4%d0%be%d0%bd%d1%82%d0%b8%d1%87%d0%b5%d1%81%d0%ba%d0%be%d0%b5-%d0%bb%d0%b5%d1%87%d0%b5%d0%bd%d0%b8%d0%b5\/\">\u041e\u0440\u0442\u043e\u0434\u043e\u043d\u0442\u0438\u0447\u0435\u0441\u043a\u043e\u0435 \u043b\u0435\u0447\u0435\u043d\u0438\u0435<\/a><\/h3> \n\t\t\t\t<div class=\"cspt-content-inner\">\t\t  \n\t\t\t\t\t<div class=\"cspt-featured-wrapper\"><a href=\"https:\/\/netdisklinigi.com\/ru\/service\/%d0%be%d1%80%d1%82%d0%be%d0%b4%d0%be%d0%bd%d1%82%d0%b8%d1%87%d0%b5%d1%81%d0%ba%d0%be%d0%b5-%d0%bb%d0%b5%d1%87%d0%b5%d0%bd%d0%b8%d0%b5\/\"><img loading=\"lazy\" decoding=\"async\" width=\"770\" height=\"600\" src=\"https:\/\/netdisklinigi.com\/wp-content\/uploads\/2020\/07\/ortodonti-tedavisi-770x600.jpg\" class=\"attachment-cspt-img-770x635 size-cspt-img-770x635 wp-post-image\" alt=\"\" \/><\/a><\/div>\t\n\t\t\t\t\t \n\t\t\t\t<\/div>\t\t\n\t\t\t\t<div class=\"cspt-service-btn\">\n\t\t\t\t\t<a class=\"cspt-service-btn-a\" href=\"https:\/\/netdisklinigi.com\/ru\/service\/%d0%be%d1%80%d1%82%d0%be%d0%b4%d0%be%d0%bd%d1%82%d0%b8%d1%87%d0%b5%d1%81%d0%ba%d0%be%d0%b5-%d0%bb%d0%b5%d1%87%d0%b5%d0%bd%d0%b8%d0%b5\/\"><i class=\"cspt-base-icon-arrow-right-solid\"><\/i><\/a>\n\t\t\t\t<\/div>\n\t\t\t<\/div>\n\t\t<\/div>\n\t<\/div>\n<\/article><article class=\"cspt-ele cspt-ele-service cspt-service-style-1 col-md-6 col-lg-3 dental-ru  \">\t<div class=\"creativesplanet-post-item\">\n\t\t<div class=\"creativesplanet-box-content\">\n\t\t\t<div class=\"creativesplanet-box-content-inner\">\n\t\t\t\t<div class=\"cspt-service-icon-wrapper\">\t\n\t\t\t\t\t<i class=\"cspt-leblix-icon cspt-leblix-icon-molecule-1\"><\/i>\t\t\t\t<\/div>\n\t\t\t\t<h3 class=\"cspt-service-title\"><a href=\"https:\/\/netdisklinigi.com\/ru\/service\/%d0%be%d1%82%d0%b1%d0%b5%d0%bb%d0%b8%d0%b2%d0%b0%d0%bd%d0%b8%d0%b5-%d0%b7%d1%83%d0%b1%d0%be%d0%b2\/\">\u041e\u0442\u0431\u0435\u043b\u0438\u0432\u0430\u043d\u0438\u0435 \u0437\u0443\u0431\u043e\u0432<\/a><\/h3> \n\t\t\t\t<div class=\"cspt-content-inner\">\t\t  \n\t\t\t\t\t<div class=\"cspt-featured-wrapper\"><a href=\"https:\/\/netdisklinigi.com\/ru\/service\/%d0%be%d1%82%d0%b1%d0%b5%d0%bb%d0%b8%d0%b2%d0%b0%d0%bd%d0%b8%d0%b5-%d0%b7%d1%83%d0%b1%d0%be%d0%b2\/\"><img loading=\"lazy\" decoding=\"async\" width=\"770\" height=\"600\" src=\"https:\/\/netdisklinigi.com\/wp-content\/uploads\/2022\/01\/dis-beyazlatma-770x600.jpg\" class=\"attachment-cspt-img-770x635 size-cspt-img-770x635 wp-post-image\" alt=\"\" \/><\/a><\/div>\t\n\t\t\t\t\t \n\t\t\t\t<\/div>\t\t\n\t\t\t\t<div class=\"cspt-service-btn\">\n\t\t\t\t\t<a class=\"cspt-service-btn-a\" href=\"https:\/\/netdisklinigi.com\/ru\/service\/%d0%be%d1%82%d0%b1%d0%b5%d0%bb%d0%b8%d0%b2%d0%b0%d0%bd%d0%b8%d0%b5-%d0%b7%d1%83%d0%b1%d0%be%d0%b2\/\"><i class=\"cspt-base-icon-arrow-right-solid\"><\/i><\/a>\n\t\t\t\t<\/div>\n\t\t\t<\/div>\n\t\t<\/div>\n\t<\/div>\n<\/article><article class=\"cspt-ele cspt-ele-service cspt-service-style-1 col-md-6 col-lg-3 dental-ru  \">\t<div class=\"creativesplanet-post-item\">\n\t\t<div class=\"creativesplanet-box-content\">\n\t\t\t<div class=\"creativesplanet-box-content-inner\">\n\t\t\t\t<div class=\"cspt-service-icon-wrapper\">\t\n\t\t\t\t\t<i class=\"cspt-leblix-icon cspt-leblix-icon-brain\"><\/i>\t\t\t\t<\/div>\n\t\t\t\t<h3 class=\"cspt-service-title\"><a href=\"https:\/\/netdisklinigi.com\/ru\/service\/%d0%bb%d0%b5%d1%87%d0%b5%d0%bd%d0%b8%d0%b5-%d0%ba%d0%be%d1%80%d0%bd%d0%b5%d0%b2%d1%8b%d1%85-%d0%ba%d0%b0%d0%bd%d0%b0%d0%bb%d0%be%d0%b2\/\">\u041b\u0435\u0447\u0435\u043d\u0438\u0435 \u043a\u043e\u0440\u043d\u0435\u0432\u044b\u0445 \u043a\u0430\u043d\u0430\u043b\u043e\u0432<\/a><\/h3> \n\t\t\t\t<div class=\"cspt-content-inner\">\t\t  \n\t\t\t\t\t<div class=\"cspt-featured-wrapper\"><a href=\"https:\/\/netdisklinigi.com\/ru\/service\/%d0%bb%d0%b5%d1%87%d0%b5%d0%bd%d0%b8%d0%b5-%d0%ba%d0%be%d1%80%d0%bd%d0%b5%d0%b2%d1%8b%d1%85-%d0%ba%d0%b0%d0%bd%d0%b0%d0%bb%d0%be%d0%b2\/\"><img loading=\"lazy\" decoding=\"async\" width=\"770\" height=\"600\" src=\"https:\/\/netdisklinigi.com\/wp-content\/uploads\/2022\/01\/kanal-tedavisi-770x600.jpg\" class=\"attachment-cspt-img-770x635 size-cspt-img-770x635 wp-post-image\" alt=\"\" \/><\/a><\/div>\t\n\t\t\t\t\t \n\t\t\t\t<\/div>\t\t\n\t\t\t\t<div class=\"cspt-service-btn\">\n\t\t\t\t\t<a class=\"cspt-service-btn-a\" href=\"https:\/\/netdisklinigi.com\/ru\/service\/%d0%bb%d0%b5%d1%87%d0%b5%d0%bd%d0%b8%d0%b5-%d0%ba%d0%be%d1%80%d0%bd%d0%b5%d0%b2%d1%8b%d1%85-%d0%ba%d0%b0%d0%bd%d0%b0%d0%bb%d0%be%d0%b2\/\"><i class=\"cspt-base-icon-arrow-right-solid\"><\/i><\/a>\n\t\t\t\t<\/div>\n\t\t\t<\/div>\n\t\t<\/div>\n\t<\/div>\n<\/article><article class=\"cspt-ele cspt-ele-service cspt-service-style-1 col-md-6 col-lg-3 dental-ru  \">\t<div class=\"creativesplanet-post-item\">\n\t\t<div class=\"creativesplanet-box-content\">\n\t\t\t<div class=\"creativesplanet-box-content-inner\">\n\t\t\t\t<div class=\"cspt-service-icon-wrapper\">\t\n\t\t\t\t\t<i class=\"cspt-leblix-icon cspt-leblix-icon-medical-mask\"><\/i>\t\t\t\t<\/div>\n\t\t\t\t<h3 class=\"cspt-service-title\"><a href=\"https:\/\/netdisklinigi.com\/ru\/service\/%d0%b4%d0%b5%d1%82%d1%81%d0%ba%d0%b0%d1%8f-%d1%81%d1%82%d0%be%d0%bc%d0%b0%d1%82%d0%be%d0%bb%d0%be%d0%b3%d0%b8%d1%8f\/\">\u0414\u0435\u0442\u0441\u043a\u0430\u044f \u0441\u0442\u043e\u043c\u0430\u0442\u043e\u043b\u043e\u0433\u0438\u044f<\/a><\/h3> \n\t\t\t\t<div class=\"cspt-content-inner\">\t\t  \n\t\t\t\t\t<div class=\"cspt-featured-wrapper\"><a href=\"https:\/\/netdisklinigi.com\/ru\/service\/%d0%b4%d0%b5%d1%82%d1%81%d0%ba%d0%b0%d1%8f-%d1%81%d1%82%d0%be%d0%bc%d0%b0%d1%82%d0%be%d0%bb%d0%be%d0%b3%d0%b8%d1%8f\/\"><img loading=\"lazy\" decoding=\"async\" width=\"770\" height=\"600\" src=\"https:\/\/netdisklinigi.com\/wp-content\/uploads\/2019\/04\/pedodonti-cocuk-dis-hekimligi-770x600.jpg\" class=\"attachment-cspt-img-770x635 size-cspt-img-770x635 wp-post-image\" alt=\"\" \/><\/a><\/div>\t\n\t\t\t\t\t \n\t\t\t\t<\/div>\t\t\n\t\t\t\t<div class=\"cspt-service-btn\">\n\t\t\t\t\t<a class=\"cspt-service-btn-a\" href=\"https:\/\/netdisklinigi.com\/ru\/service\/%d0%b4%d0%b5%d1%82%d1%81%d0%ba%d0%b0%d1%8f-%d1%81%d1%82%d0%be%d0%bc%d0%b0%d1%82%d0%be%d0%bb%d0%be%d0%b3%d0%b8%d1%8f\/\"><i class=\"cspt-base-icon-arrow-right-solid\"><\/i><\/a>\n\t\t\t\t<\/div>\n\t\t\t<\/div>\n\t\t<\/div>\n\t<\/div>\n<\/article><article class=\"cspt-ele cspt-ele-service cspt-service-style-1 col-md-6 col-lg-3 dental-ru  \">\t<div class=\"creativesplanet-post-item\">\n\t\t<div class=\"creativesplanet-box-content\">\n\t\t\t<div class=\"creativesplanet-box-content-inner\">\n\t\t\t\t<div class=\"cspt-service-icon-wrapper\">\t\n\t\t\t\t\t<i class=\"cspt-leblix-icon cspt-leblix-icon-thermometer\"><\/i>\t\t\t\t<\/div>\n\t\t\t\t<h3 class=\"cspt-service-title\"><a href=\"https:\/\/netdisklinigi.com\/ru\/service\/%d0%b7%d0%b0%d0%b1%d0%be%d0%bb%d0%b5%d0%b2%d0%b0%d0%bd%d0%b8%d1%8f-%d0%b4%d0%b5%d1%81%d0%b5%d0%bd\/\">\u0417\u0430\u0431\u043e\u043b\u0435\u0432\u0430\u043d\u0438\u044f \u0434\u0435\u0441\u0435\u043d<\/a><\/h3> \n\t\t\t\t<div class=\"cspt-content-inner\">\t\t  \n\t\t\t\t\t<div class=\"cspt-featured-wrapper\"><a href=\"https:\/\/netdisklinigi.com\/ru\/service\/%d0%b7%d0%b0%d0%b1%d0%be%d0%bb%d0%b5%d0%b2%d0%b0%d0%bd%d0%b8%d1%8f-%d0%b4%d0%b5%d1%81%d0%b5%d0%bd\/\"><img loading=\"lazy\" decoding=\"async\" width=\"770\" height=\"600\" src=\"https:\/\/netdisklinigi.com\/wp-content\/uploads\/2022\/01\/dis-eti-hastaliklari-770x600.jpg\" class=\"attachment-cspt-img-770x635 size-cspt-img-770x635 wp-post-image\" alt=\"\" \/><\/a><\/div>\t\n\t\t\t\t\t \n\t\t\t\t<\/div>\t\t\n\t\t\t\t<div class=\"cspt-service-btn\">\n\t\t\t\t\t<a class=\"cspt-service-btn-a\" href=\"https:\/\/netdisklinigi.com\/ru\/service\/%d0%b7%d0%b0%d0%b1%d0%be%d0%bb%d0%b5%d0%b2%d0%b0%d0%bd%d0%b8%d1%8f-%d0%b4%d0%b5%d1%81%d0%b5%d0%bd\/\"><i class=\"cspt-base-icon-arrow-right-solid\"><\/i><\/a>\n\t\t\t\t<\/div>\n\t\t\t<\/div>\n\t\t<\/div>\n\t<\/div>\n<\/article><article class=\"cspt-ele cspt-ele-service cspt-service-style-1 col-md-6 col-lg-3 dental-ru  \">\t<div class=\"creativesplanet-post-item\">\n\t\t<div class=\"creativesplanet-box-content\">\n\t\t\t<div class=\"creativesplanet-box-content-inner\">\n\t\t\t\t<div class=\"cspt-service-icon-wrapper\">\t\n\t\t\t\t\t<i class=\"cspt-leblix-icon cspt-leblix-icon-scientist\"><\/i>\t\t\t\t<\/div>\n\t\t\t\t<h3 class=\"cspt-service-title\"><a href=\"https:\/\/netdisklinigi.com\/ru\/service\/%d0%bb%d0%b5%d1%87%d0%b5%d0%bd%d0%b8%d0%b5-%d1%87%d0%b5%d0%bb%d1%8e%d1%81%d1%82%d0%b8-%d0%b8-%d0%b2%d0%b8%d1%81%d0%be%d1%87%d0%bd%d0%be-%d0%bd%d0%b8%d0%b6%d0%bd%d0%b5%d1%87%d0%b5%d0%bb%d1%8e%d1%81\/\">\u041b\u0435\u0447\u0435\u043d\u0438\u0435 \u0447\u0435\u043b\u044e\u0441\u0442\u0438 \u0438 \u0432\u0438\u0441\u043e\u0447\u043d\u043e-\u043d\u0438\u0436\u043d\u0435\u0447\u0435\u043b\u044e\u0441\u0442\u043d\u043e\u0433\u043e \u0441\u0443\u0441\u0442\u0430\u0432\u0430<\/a><\/h3> \n\t\t\t\t<div class=\"cspt-content-inner\">\t\t  \n\t\t\t\t\t<div class=\"cspt-featured-wrapper\"><a href=\"https:\/\/netdisklinigi.com\/ru\/service\/%d0%bb%d0%b5%d1%87%d0%b5%d0%bd%d0%b8%d0%b5-%d1%87%d0%b5%d0%bb%d1%8e%d1%81%d1%82%d0%b8-%d0%b8-%d0%b2%d0%b8%d1%81%d0%be%d1%87%d0%bd%d0%be-%d0%bd%d0%b8%d0%b6%d0%bd%d0%b5%d1%87%d0%b5%d0%bb%d1%8e%d1%81\/\"><img loading=\"lazy\" decoding=\"async\" width=\"770\" height=\"600\" src=\"https:\/\/netdisklinigi.com\/wp-content\/uploads\/2022\/01\/cene-eklemi-tedavisi-770x600.jpg\" class=\"attachment-cspt-img-770x635 size-cspt-img-770x635 wp-post-image\" alt=\"\" \/><\/a><\/div>\t\n\t\t\t\t\t \n\t\t\t\t<\/div>\t\t\n\t\t\t\t<div class=\"cspt-service-btn\">\n\t\t\t\t\t<a class=\"cspt-service-btn-a\" href=\"https:\/\/netdisklinigi.com\/ru\/service\/%d0%bb%d0%b5%d1%87%d0%b5%d0%bd%d0%b8%d0%b5-%d1%87%d0%b5%d0%bb%d1%8e%d1%81%d1%82%d0%b8-%d0%b8-%d0%b2%d0%b8%d1%81%d0%be%d1%87%d0%bd%d0%be-%d0%bd%d0%b8%d0%b6%d0%bd%d0%b5%d1%87%d0%b5%d0%bb%d1%8e%d1%81\/\"><i class=\"cspt-base-icon-arrow-right-solid\"><\/i><\/a>\n\t\t\t\t<\/div>\n\t\t\t<\/div>\n\t\t<\/div>\n\t<\/div>\n<\/article><article class=\"cspt-ele cspt-ele-service cspt-service-style-1 col-md-6 col-lg-3 dental-ru  \">\t<div class=\"creativesplanet-post-item\">\n\t\t<div class=\"creativesplanet-box-content\">\n\t\t\t<div class=\"creativesplanet-box-content-inner\">\n\t\t\t\t<div class=\"cspt-service-icon-wrapper\">\t\n\t\t\t\t\t<i class=\"cspt-leblix-icon cspt-leblix-icon-virus\"><\/i>\t\t\t\t<\/div>\n\t\t\t\t<h3 class=\"cspt-service-title\"><a href=\"https:\/\/netdisklinigi.com\/ru\/service\/%d1%85%d0%b8%d1%80%d1%83%d1%80%d0%b3%d0%b8%d1%87%d0%b5%d1%81%d0%ba%d0%be%d0%b5-%d0%bb%d0%b5%d1%87%d0%b5%d0%bd%d0%b8%d0%b5\/\">\u0425\u0438\u0440\u0443\u0440\u0433\u0438\u0447\u0435\u0441\u043a\u043e\u0435 \u043b\u0435\u0447\u0435\u043d\u0438\u0435<\/a><\/h3> \n\t\t\t\t<div class=\"cspt-content-inner\">\t\t  \n\t\t\t\t\t<div class=\"cspt-featured-wrapper\"><a href=\"https:\/\/netdisklinigi.com\/ru\/service\/%d1%85%d0%b8%d1%80%d1%83%d1%80%d0%b3%d0%b8%d1%87%d0%b5%d1%81%d0%ba%d0%be%d0%b5-%d0%bb%d0%b5%d1%87%d0%b5%d0%bd%d0%b8%d0%b5\/\"><img loading=\"lazy\" decoding=\"async\" width=\"770\" height=\"600\" src=\"https:\/\/netdisklinigi.com\/wp-content\/uploads\/2022\/01\/cerrahi-tedaviler-770x600.jpg\" class=\"attachment-cspt-img-770x635 size-cspt-img-770x635 wp-post-image\" alt=\"\" \/><\/a><\/div>\t\n\t\t\t\t\t \n\t\t\t\t<\/div>\t\t\n\t\t\t\t<div class=\"cspt-service-btn\">\n\t\t\t\t\t<a class=\"cspt-service-btn-a\" href=\"https:\/\/netdisklinigi.com\/ru\/service\/%d1%85%d0%b8%d1%80%d1%83%d1%80%d0%b3%d0%b8%d1%87%d0%b5%d1%81%d0%ba%d0%be%d0%b5-%d0%bb%d0%b5%d1%87%d0%b5%d0%bd%d0%b8%d0%b5\/\"><i class=\"cspt-base-icon-arrow-right-solid\"><\/i><\/a>\n\t\t\t\t<\/div>\n\t\t\t<\/div>\n\t\t<\/div>\n\t<\/div>\n<\/article>\n\t\t\t<\/div>\n\n\t\t\t\n\t\t\n\t\t\n\t\t<\/div><!-- .creativesplanet-element-inner -->   <\/div><!-- .creativesplanet-element -->  \n\t    \t\t<\/div>\n\t\t\t\t<\/div>\n\t\t\t\t\t<\/div>\n\t\t<\/div>\n\t\t\t\t\t\t\t<\/div>\n\t\t<\/div>\n\t\t\t\t\t\t\t<\/div>\n\t\t","protected":false},"excerpt":{"rendered":"<p>{&#171;cpt&#187;:&#187;service&#187;,&#187;style&#187;:&#187;1&#8243;,&#187;columns&#187;:&#187;4&#8243;,&#187;show&#187;:9,&#187;order&#187;:&#187;DESC&#187;,&#187;orderby&#187;:&#187;DESC&#187;} 1 G\u00fcnde \u0130mplant G\u00fcl\u00fc\u015f Tasar\u0131m\u0131 Ortodonti Di\u015f Beyazlatma Kanal Tedavisi \u00c7ocuk Di\u015f Hekimli\u011fi Di\u015f Eti Hastal\u0131klar\u0131 \u00c7ene Eklem Tedavisi Cerrahi Tedaviler<\/p>\n","protected":false},"author":1,"featured_media":0,"parent":0,"menu_order":8,"comment_status":"closed","ping_status":"closed","template":"","meta":{"footnotes":""},"class_list":["post-1933","page","type-page","status-publish","hentry"],"acf":[],"_links":{"self":[{"href":"https:\/\/netdisklinigi.com\/ru\/wp-json\/wp\/v2\/pages\/1933","targetHints":{"allow":["GET"]}}],"collection":[{"href":"https:\/\/netdisklinigi.com\/ru\/wp-json\/wp\/v2\/pages"}],"about":[{"href":"https:\/\/netdisklinigi.com\/ru\/wp-json\/wp\/v2\/types\/page"}],"author":[{"embeddable":true,"href":"https:\/\/netdisklinigi.com\/ru\/wp-json\/wp\/v2\/users\/1"}],"replies":[{"embeddable":true,"href":"https:\/\/netdisklinigi.com\/ru\/wp-json\/wp\/v2\/comments?post=1933"}],"version-history":[{"count":0,"href":"https:\/\/netdisklinigi.com\/ru\/wp-json\/wp\/v2\/pages\/1933\/revisions"}],"wp:attachment":[{"href":"https:\/\/netdisklinigi.com\/ru\/wp-json\/wp\/v2\/media?parent=1933"}],"curies":[{"name":"wp","href":"https:\/\/api.w.org\/{rel}","templated":true}]}}